{"id":615,"date":"2017-07-03T13:05:03","date_gmt":"2017-07-03T11:05:03","guid":{"rendered":"http:\/\/oase.martingehr.bplaced.de\/?page_id=615"},"modified":"2019-03-25T12:51:45","modified_gmt":"2019-03-25T12:51:45","slug":"wir-suchen","status":"publish","type":"page","link":"https:\/\/www.hotelfalkenseerhof.de\/?page_id=615","title":{"rendered":"Wir suchen"},"content":{"rendered":"<p>&nbsp;<\/p>\n<p>&nbsp;<\/p>\n<p>&nbsp;<\/p>\n<p><u>Praktikum:<\/u><\/p>\n<p><u> <\/u>Ihr seid Sch\u00fcler und m\u00f6chtet mal hinter die Kulissen eines Hotels blicken, bei uns habt Ihr die M\u00f6glichkeit dazu. Tel.: 03322 202714<\/p>\n","protected":false},"excerpt":{"rendered":"<p>&nbsp; &nbsp; &nbsp; Praktikum: Ihr seid Sch\u00fcler und m\u00f6chtet mal hinter die Kulissen eines Hotels blicken, bei uns habt Ihr die M\u00f6glichkeit dazu. Tel.: 03322 202714<\/p>\n","protected":false},"author":3,"featured_media":519,"parent":0,"menu_order":0,"comment_status":"closed","ping_status":"closed","template":"","meta":{"footnotes":""},"class_list":["post-615","page","type-page","status-publish","has-post-thumbnail","hentry"],"_links":{"self":[{"href":"https:\/\/www.hotelfalkenseerhof.de\/index.php?rest_route=\/wp\/v2\/pages\/615","targetHints":{"allow":["GET"]}}],"collection":[{"href":"https:\/\/www.hotelfalkenseerhof.de\/index.php?rest_route=\/wp\/v2\/pages"}],"about":[{"href":"https:\/\/www.hotelfalkenseerhof.de\/index.php?rest_route=\/wp\/v2\/types\/page"}],"author":[{"embeddable":true,"href":"https:\/\/www.hotelfalkenseerhof.de\/index.php?rest_route=\/wp\/v2\/users\/3"}],"replies":[{"embeddable":true,"href":"https:\/\/www.hotelfalkenseerhof.de\/index.php?rest_route=%2Fwp%2Fv2%2Fcomments&post=615"}],"version-history":[{"count":2,"href":"https:\/\/www.hotelfalkenseerhof.de\/index.php?rest_route=\/wp\/v2\/pages\/615\/revisions"}],"predecessor-version":[{"id":742,"href":"https:\/\/www.hotelfalkenseerhof.de\/index.php?rest_route=\/wp\/v2\/pages\/615\/revisions\/742"}],"wp:featuredmedia":[{"embeddable":true,"href":"https:\/\/www.hotelfalkenseerhof.de\/index.php?rest_route=\/wp\/v2\/media\/519"}],"wp:attachment":[{"href":"https:\/\/www.hotelfalkenseerhof.de\/index.php?rest_route=%2Fwp%2Fv2%2Fmedia&parent=615"}],"curies":[{"name":"wp","href":"https:\/\/api.w.org\/{rel}","templated":true}]}}