{"id":50,"date":"2017-01-21T23:19:03","date_gmt":"2017-01-21T23:19:03","guid":{"rendered":"http:\/\/oase.martingehr.bplaced.de\/?page_id=50"},"modified":"2017-10-10T11:32:26","modified_gmt":"2017-10-10T11:32:26","slug":"erlebnis","status":"publish","type":"page","link":"https:\/\/www.hotelfalkenseerhof.de\/?page_id=50","title":{"rendered":"Erlebnis"},"content":{"rendered":"<h3 style=\"text-align: center;\"><strong><em>Auf dieser Seite stellen wir Ihnen einige Sehensw\u00fcrdigkeiten in der sch\u00f6nen Umgebung von Falkensee vorstellen.<\/em><\/strong><\/h3>\n<h3 style=\"text-align: center;\"><strong><em>Dies ist eine kleine Auswahl f\u00fcr Jung und Alt. Alle die von uns vorgestellten Orte sind sowohl per \u00d6ffentliche Verkehrsmittel sowie auch per PKW zu erreichen.<\/em><\/strong><\/h3>\n<p>&nbsp;<\/p>\n<h4><\/h4>\n<h3><em><strong><span style=\"text-decoration: underline;\">Karls Erlebnisshof Elstal<\/span><\/strong><\/em><\/h3>\n<h4>Karls Erlebnis-D\u00f6rfer sind eine Mischung aus Hofladen, gl\u00e4serner Manufaktur, Restaurantbetrieb und Fahrgesch\u00e4ften. Der Eintritt ist generell kostenlos. F\u00fcr einige Attraktionen ist eine Benutzungsgeb\u00fchr zu entrichten, es gibt aber auch Tages- und Jahreskarten, mit denen alle Fahrgesch\u00e4fte unbegrenzt genutzt werden k\u00f6nnen.<\/h4>\n<h4 style=\"text-align: left;\"><a href=\"http:\/\/hotelfalkenseerhof.de\/wp-content\/uploads\/2017\/01\/Karls1.jpg\"><img loading=\"lazy\" decoding=\"async\" class=\"alignleft wp-image-708\" src=\"http:\/\/hotelfalkenseerhof.de\/wp-content\/uploads\/2017\/01\/Karls1-585x452.jpg\" alt=\"\" width=\"352\" height=\"272\" \/><\/a><\/h4>\n<h4><\/h4>\n<h4><\/h4>\n<h4>Im Hofladen gibt es Lebensmittel und Gegenst\u00e4nde aus eigener Produktion, vorrangig rund um das Thema Erdbeere, zu kaufen. In den Manufakturen an den einzelnen Standorten wird unter anderem Kaffee ger\u00f6stet, Seife, Bonbons, Eiscreme und Schokolade hergestellt, Marmelade gekocht und Brot gebacken. Die Produkte werden sowohl vor Ort als auch in einem Onlineshop verkauft. Zu den weiteren Attraktionen z\u00e4hlen z.\u00a0B. Rutschen, ein Maislabyrinth, eine Eisskulpturenausstellung, Traktorfahrten und die gr\u00f6\u00dfte Kaffeekannensammlung der Welt mit \u00fcber 40.000 Kannen (Stand: 2015).[1]<\/h4>\n<p>&nbsp;<\/p>\n<h4><\/h4>\n<h4><\/h4>\n<h4><a href=\"http:\/\/hotelfalkenseerhof.de\/wp-content\/uploads\/2017\/01\/Karls2klein.jpg\"><img loading=\"lazy\" decoding=\"async\" class=\"alignright wp-image-711\" src=\"http:\/\/hotelfalkenseerhof.de\/wp-content\/uploads\/2017\/01\/Karls2klein-585x394.jpg\" alt=\"\" width=\"343\" height=\"231\" \/><\/a><\/h4>\n<h4><\/h4>\n<h4>Daneben verf\u00fcgt das Unternehmen in Mecklenburg-Vorpommern \u00fcber ca. 300 Hektar Erdbeerfelder, die von Mai bis September abgeerntet werden. An drei Standorten k\u00f6nnen die Fr\u00fcchte auch selbst gepfl\u00fcckt werden. Zudem werden die dort angebauten Erdbeeren an etwa 400 Verkaufsst\u00e4nden in Schleswig-Holstein, Mecklenburg-Vorpommern und Berlin angeboten. Insgesamt erntet Karls j\u00e4hrlich 5000 Tonnen Erdbeeren.[5][6] Mit 1,2 Millionen Besuchern im Jahr 2014 ist das Erlebnis-Dorf in R\u00f6vershagen die meistbesuchte Touristenattraktion Mecklenburg-Vorpommerns.<\/h4>\n<p>Hier gelangen Sie zur <a href=\"https:\/\/www.google.de\/maps?q=karls+erdbeerhof+elstal&amp;um=1&amp;ie=UTF-8&amp;sa=X&amp;ved=0ahUKEwjtv8HK-eXWAhUOKlAKHRuHBL0Q_AUICigB\"><strong><span style=\"text-decoration: underline;\"><span style=\"color: #ff0000; text-decoration: underline;\">Navigation<\/span><\/span><\/strong><\/a><\/p>\n<h3><\/h3>\n<h3><\/h3>\n<h3><span style=\"text-decoration: underline;\"><em><strong>D\u00f6beritzer Heide<\/strong><\/em><\/span><\/h3>\n<h4>Wisente schubbern sich an alten Eichen, Przewalski-Pferde galoppieren \u00fcber offene Heidefl\u00e4chen und scheues Rotwild verbirgt sich hinter hohen Ginsterb\u00fcschen. In<a href=\"http:\/\/oase.martingehr.bplaced.de\/wp-content\/uploads\/2017\/01\/d\u00f6beritzer-heide.jpg\"><img loading=\"lazy\" decoding=\"async\" class=\" wp-image-595 alignright\" src=\"http:\/\/oase.martingehr.bplaced.de\/wp-content\/uploads\/2017\/01\/d\u00f6beritzer-heide-585x439.jpg\" alt=\"\" width=\"425\" height=\"319\" \/><\/a> einem einmaligen Wildnisgro\u00dfprojekt unmittelbar vor den Toren von Berlin und Potsdam hat die Heinz Sielmann Stiftung auf dem fr\u00fcheren Truppen\u00fcbungsplatz \u201eD\u00f6beritz\u201c fast ausgestorbene Wildtierarten angesiedelt. Erlebnishungrige finden hier auf ausgedehnten Wanderwegen Wildnis und nat\u00fcrliche Vielfalt fernab von Besiedlung und Verkehr.<\/h4>\n<h4><a href=\"http:\/\/hotelfalkenseerhof.de\/wp-content\/uploads\/2017\/01\/Wiesente.jpg\"><img loading=\"lazy\" decoding=\"async\" class=\"alignright wp-image-707\" src=\"http:\/\/hotelfalkenseerhof.de\/wp-content\/uploads\/2017\/01\/Wiesente-585x390.jpg\" alt=\"\" width=\"410\" height=\"273\" \/><\/a><\/h4>\n<h4>Wisente und Wildpferde als Landschaftsgestalter<\/h4>\n<h4>Auf etwa 3600 Hektar, dem 17 fachen des Gro\u00dfen Tiergarten in Berlins Mitte, leben heute rund 90 Wisente, 30 Przewalski-Pferde und 90 Rothirsche. Wisent und Przewalski-Pferd waren im 20. Jahrhundert au\u00dferhalb von Zoos und Gehegen ausgestorben. In der D\u00f6beritzer Heide leben sie wieder frei in der Natur und kehren zur\u00fcck zu ihrem urspr\u00fcnglichen Verhalten in der Wildnis.<\/h4>\n<p>&nbsp;<\/p>\n<h4><\/h4>\n<h4><\/h4>\n<p>&nbsp;<\/p>\n<p>&nbsp;<\/p>\n<h4><a href=\"http:\/\/hotelfalkenseerhof.de\/wp-content\/uploads\/2017\/01\/Plan-Doeberitzer-Heide.jpg\"><img loading=\"lazy\" decoding=\"async\" class=\"alignleft wp-image-706\" src=\"http:\/\/hotelfalkenseerhof.de\/wp-content\/uploads\/2017\/01\/Plan-Doeberitzer-Heide-585x565.jpg\" alt=\"\" width=\"282\" height=\"272\" \/><\/a><\/h4>\n<h4><\/h4>\n<h4>Die gro\u00dfen Pflanzenfresser halten mit ihrer Lebensweise den Pflanzenbewuchs kurz und erhalten damit die wertvolle, unter Naturschutz stehende Landschaft der D\u00f6beritzer Heide.<\/h4>\n<p>Hier gelangen Sie zur <a href=\"https:\/\/www.google.de\/maps\/place\/Sielmanns+Naturlandschaft+D%C3%B6beritzer+Heide\/@52.529736,12.9955453,17z\/data=!3m1!4b1!4m5!3m4!1s0x47a8fa5094f923f7:0x6b589df7ffb9ba2c!8m2!3d52.529736!4d12.997734\">Navigation<\/a><\/p>\n<p>Quelle:\u00a0<a href=\"https:\/\/www.sielmann-stiftung.de\/natur-erleben-schuetzen\/doeberitzer-heide\/\">https:\/\/www.sielmann-stiftung.de\/natur-erleben-schuetzen\/doeberitzer-heide\/<\/a><\/p>\n<h4><\/h4>\n<p>&nbsp;<\/p>\n","protected":false},"excerpt":{"rendered":"<p>Auf dieser Seite stellen wir Ihnen einige Sehensw\u00fcrdigkeiten in der sch\u00f6nen Umgebung von Falkensee vorstellen. Dies ist eine kleine Auswahl f\u00fcr Jung und Alt. Alle die von uns vorgestellten Orte&#8230;<\/p>\n","protected":false},"author":3,"featured_media":711,"parent":0,"menu_order":10,"comment_status":"closed","ping_status":"closed","template":"","meta":{"footnotes":""},"class_list":["post-50","page","type-page","status-publish","has-post-thumbnail","hentry"],"_links":{"self":[{"href":"https:\/\/www.hotelfalkenseerhof.de\/index.php?rest_route=\/wp\/v2\/pages\/50","targetHints":{"allow":["GET"]}}],"collection":[{"href":"https:\/\/www.hotelfalkenseerhof.de\/index.php?rest_route=\/wp\/v2\/pages"}],"about":[{"href":"https:\/\/www.hotelfalkenseerhof.de\/index.php?rest_route=\/wp\/v2\/types\/page"}],"author":[{"embeddable":true,"href":"https:\/\/www.hotelfalkenseerhof.de\/index.php?rest_route=\/wp\/v2\/users\/3"}],"replies":[{"embeddable":true,"href":"https:\/\/www.hotelfalkenseerhof.de\/index.php?rest_route=%2Fwp%2Fv2%2Fcomments&post=50"}],"version-history":[{"count":4,"href":"https:\/\/www.hotelfalkenseerhof.de\/index.php?rest_route=\/wp\/v2\/pages\/50\/revisions"}],"predecessor-version":[{"id":712,"href":"https:\/\/www.hotelfalkenseerhof.de\/index.php?rest_route=\/wp\/v2\/pages\/50\/revisions\/712"}],"wp:featuredmedia":[{"embeddable":true,"href":"https:\/\/www.hotelfalkenseerhof.de\/index.php?rest_route=\/wp\/v2\/media\/711"}],"wp:attachment":[{"href":"https:\/\/www.hotelfalkenseerhof.de\/index.php?rest_route=%2Fwp%2Fv2%2Fmedia&parent=50"}],"curies":[{"name":"wp","href":"https:\/\/api.w.org\/{rel}","templated":true}]}}