{"id":493,"date":"2017-06-12T07:11:09","date_gmt":"2017-06-12T05:11:09","guid":{"rendered":"http:\/\/oase.martingehr.bplaced.de\/?page_id=493"},"modified":"2017-06-12T07:11:09","modified_gmt":"2017-06-12T05:11:09","slug":"feierlichkeiten","status":"publish","type":"page","link":"https:\/\/www.hotelfalkenseerhof.de\/?page_id=493","title":{"rendered":"Feierlichkeiten"},"content":{"rendered":"<h3 style=\"text-align: center;\"><em><strong>Buffets und Men\u00fcs<\/strong><\/em><\/h3>\n<h4 style=\"text-align: center;\">Zu Ihrer Feierlichkeit k\u00f6nnen Sie zwischen einem 3-4 Gang-Men\u00fc oder einem Warm- Kalt- Buffet w\u00e4hlen.In unserem Restaurant k\u00f6nnen Sie unsere Men\u00fcvorschl\u00e4ge erhalten. Nat\u00fcrlich gehen wir gerne auf Ihre W\u00fcnsche ein und gestalten zusammen Ihr ganz eigenes Men\u00fc.<\/h4>\n<h4 style=\"text-align: center;\">Wenn Sie sich einen Sektempfang w\u00fcnschen,wird unser Servicepersonal Ihren G\u00e4sten zur Begr\u00fc\u00dfung Sekt oder Prosecco reichen, f\u00fcr die Kinder und Autofahrer stellen wir Ihnen Orangensaft bereit. Der Empfang kann wahlweise im Garten, im Eingangsbereich unseres Restaurants oder am Platz erfolgen.<\/h4>\n<h4 style=\"text-align: center;\"><span style=\"color: #ff0000;\">Unsere Buffets werden mit Ihnen zusammen individuell bei einem kleinen pers\u00f6nlichen Gespr\u00e4ch zusammengestellt. Wir helfen Ihnen gerne dabei das Richtige zu finden, falls Ihre G\u00e4ste vereinzelt Allergien haben oder fleischlos essen m\u00f6chten.<\/span><\/h4>\n<p>&nbsp;<\/p>\n<div id='gallery-1' class='gallery galleryid-493 gallery-columns-3 gallery-size-thumbnail'><figure class='gallery-item'>\n\t\t\t<div class='gallery-icon landscape'>\n\t\t\t\t<a href='https:\/\/www.hotelfalkenseerhof.de\/wp-content\/uploads\/2017\/01\/IMG_1522-1.jpg'><img loading=\"lazy\" decoding=\"async\" width=\"370\" height=\"247\" src=\"https:\/\/www.hotelfalkenseerhof.de\/wp-content\/uploads\/2017\/01\/IMG_1522-1-370x247.jpg\" class=\"attachment-thumbnail size-thumbnail\" alt=\"\" \/><\/a>\n\t\t\t<\/div><\/figure><figure class='gallery-item'>\n\t\t\t<div class='gallery-icon landscape'>\n\t\t\t\t<a href='https:\/\/www.hotelfalkenseerhof.de\/wp-content\/uploads\/2017\/01\/IMG_2791-1.jpg'><img loading=\"lazy\" decoding=\"async\" width=\"370\" height=\"247\" src=\"https:\/\/www.hotelfalkenseerhof.de\/wp-content\/uploads\/2017\/01\/IMG_2791-1-370x247.jpg\" class=\"attachment-thumbnail size-thumbnail\" alt=\"\" \/><\/a>\n\t\t\t<\/div><\/figure><figure class='gallery-item'>\n\t\t\t<div class='gallery-icon landscape'>\n\t\t\t\t<a href='https:\/\/www.hotelfalkenseerhof.de\/wp-content\/uploads\/2017\/01\/IMG_1350-1.jpg'><img loading=\"lazy\" decoding=\"async\" width=\"370\" height=\"247\" src=\"https:\/\/www.hotelfalkenseerhof.de\/wp-content\/uploads\/2017\/01\/IMG_1350-1-370x247.jpg\" class=\"attachment-thumbnail size-thumbnail\" alt=\"\" \/><\/a>\n\t\t\t<\/div><\/figure>\n\t\t<\/div>\n\n<h3 style=\"text-align: center;\"><\/h3>\n<h3 style=\"text-align: center;\"><em><strong>Dekoration<\/strong><\/em><\/h3>\n<h4 style=\"text-align: center;\">Die Dekorationen unserer R\u00e4ume und Tische passen wir selbstverst\u00e4ndlich Ihrem Anlass an. Vom Blumenarrangements ,bunten B\u00e4ndern auf den Tischen, \u00fcber Men\u00fckarten oder rotem Teppich bis hin zu eleganten Stuhlhussen.<\/h4>\n<div id='gallery-2' class='gallery galleryid-493 gallery-columns-6 gallery-size-thumbnail'><figure class='gallery-item'>\n\t\t\t<div class='gallery-icon landscape'>\n\t\t\t\t<a href='https:\/\/www.hotelfalkenseerhof.de\/wp-content\/uploads\/2017\/01\/Folleto_Oase_41-1.jpg'><img loading=\"lazy\" decoding=\"async\" width=\"370\" height=\"247\" src=\"https:\/\/www.hotelfalkenseerhof.de\/wp-content\/uploads\/2017\/01\/Folleto_Oase_41-1-370x247.jpg\" class=\"attachment-thumbnail size-thumbnail\" alt=\"\" \/><\/a>\n\t\t\t<\/div><\/figure><figure class='gallery-item'>\n\t\t\t<div class='gallery-icon landscape'>\n\t\t\t\t<a href='https:\/\/www.hotelfalkenseerhof.de\/wp-content\/uploads\/2017\/01\/Folleto_Oase_32-1.jpg'><img loading=\"lazy\" decoding=\"async\" width=\"370\" height=\"247\" src=\"https:\/\/www.hotelfalkenseerhof.de\/wp-content\/uploads\/2017\/01\/Folleto_Oase_32-1-370x247.jpg\" class=\"attachment-thumbnail size-thumbnail\" alt=\"\" \/><\/a>\n\t\t\t<\/div><\/figure><figure class='gallery-item'>\n\t\t\t<div class='gallery-icon portrait'>\n\t\t\t\t<a href='https:\/\/www.hotelfalkenseerhof.de\/wp-content\/uploads\/2017\/01\/Folleto_Oase_38-1.jpg'><img loading=\"lazy\" decoding=\"async\" width=\"370\" height=\"247\" src=\"https:\/\/www.hotelfalkenseerhof.de\/wp-content\/uploads\/2017\/01\/Folleto_Oase_38-1-370x247.jpg\" class=\"attachment-thumbnail size-thumbnail\" alt=\"\" \/><\/a>\n\t\t\t<\/div><\/figure><figure class='gallery-item'>\n\t\t\t<div class='gallery-icon portrait'>\n\t\t\t\t<a href='https:\/\/www.hotelfalkenseerhof.de\/wp-content\/uploads\/2017\/01\/11825007_525880507559209_8661064486590923837_n-1-1.jpg'><img loading=\"lazy\" decoding=\"async\" width=\"370\" height=\"247\" src=\"https:\/\/www.hotelfalkenseerhof.de\/wp-content\/uploads\/2017\/01\/11825007_525880507559209_8661064486590923837_n-1-1-370x247.jpg\" class=\"attachment-thumbnail size-thumbnail\" alt=\"\" \/><\/a>\n\t\t\t<\/div><\/figure><figure class='gallery-item'>\n\t\t\t<div class='gallery-icon landscape'>\n\t\t\t\t<a href='https:\/\/www.hotelfalkenseerhof.de\/wp-content\/uploads\/2017\/01\/IMG_1646-1.jpg'><img loading=\"lazy\" decoding=\"async\" width=\"370\" height=\"247\" src=\"https:\/\/www.hotelfalkenseerhof.de\/wp-content\/uploads\/2017\/01\/IMG_1646-1-370x247.jpg\" class=\"attachment-thumbnail size-thumbnail\" alt=\"\" \/><\/a>\n\t\t\t<\/div><\/figure><figure class='gallery-item'>\n\t\t\t<div class='gallery-icon portrait'>\n\t\t\t\t<a href='https:\/\/www.hotelfalkenseerhof.de\/wp-content\/uploads\/2017\/01\/IMG_1639-e1497249374753-1.jpg'><img loading=\"lazy\" decoding=\"async\" width=\"370\" height=\"247\" src=\"https:\/\/www.hotelfalkenseerhof.de\/wp-content\/uploads\/2017\/01\/IMG_1639-e1497249374753-1-370x247.jpg\" class=\"attachment-thumbnail size-thumbnail\" alt=\"\" \/><\/a>\n\t\t\t<\/div><\/figure>\n\t\t<\/div>\n\n<p>&nbsp;<\/p>\n","protected":false},"excerpt":{"rendered":"<p>Buffets und Men\u00fcs Zu Ihrer Feierlichkeit k\u00f6nnen Sie zwischen einem 3-4 Gang-Men\u00fc oder einem Warm- Kalt- Buffet w\u00e4hlen.In unserem Restaurant k\u00f6nnen Sie unsere Men\u00fcvorschl\u00e4ge erhalten. Nat\u00fcrlich gehen wir gerne auf&#8230;<\/p>\n","protected":false},"author":3,"featured_media":534,"parent":0,"menu_order":0,"comment_status":"closed","ping_status":"closed","template":"","meta":{"footnotes":""},"class_list":["post-493","page","type-page","status-publish","has-post-thumbnail","hentry"],"_links":{"self":[{"href":"https:\/\/www.hotelfalkenseerhof.de\/index.php?rest_route=\/wp\/v2\/pages\/493","targetHints":{"allow":["GET"]}}],"collection":[{"href":"https:\/\/www.hotelfalkenseerhof.de\/index.php?rest_route=\/wp\/v2\/pages"}],"about":[{"href":"https:\/\/www.hotelfalkenseerhof.de\/index.php?rest_route=\/wp\/v2\/types\/page"}],"author":[{"embeddable":true,"href":"https:\/\/www.hotelfalkenseerhof.de\/index.php?rest_route=\/wp\/v2\/users\/3"}],"replies":[{"embeddable":true,"href":"https:\/\/www.hotelfalkenseerhof.de\/index.php?rest_route=%2Fwp%2Fv2%2Fcomments&post=493"}],"version-history":[{"count":0,"href":"https:\/\/www.hotelfalkenseerhof.de\/index.php?rest_route=\/wp\/v2\/pages\/493\/revisions"}],"wp:featuredmedia":[{"embeddable":true,"href":"https:\/\/www.hotelfalkenseerhof.de\/index.php?rest_route=\/wp\/v2\/media\/534"}],"wp:attachment":[{"href":"https:\/\/www.hotelfalkenseerhof.de\/index.php?rest_route=%2Fwp%2Fv2%2Fmedia&parent=493"}],"curies":[{"name":"wp","href":"https:\/\/api.w.org\/{rel}","templated":true}]}}