{"id":491,"date":"2017-06-12T07:09:25","date_gmt":"2017-06-12T05:09:25","guid":{"rendered":"http:\/\/oase.martingehr.bplaced.de\/?page_id=491"},"modified":"2017-09-04T11:18:23","modified_gmt":"2017-09-04T11:18:23","slug":"dessert","status":"publish","type":"page","link":"https:\/\/www.hotelfalkenseerhof.de\/?page_id=491","title":{"rendered":"Dessert"},"content":{"rendered":"<h3 style=\"text-align: center;\"><em><strong>\u00a0<\/strong><\/em><\/h3>\n<h4 style=\"text-align: center;\">Eiskreation<\/h4>\n<h4 style=\"text-align: center;\">K\u00f6stlich cremiges Eis mit Schokoladenso\u00dfe und Sahne<\/h4>\n<hr \/>\n<h4 style=\"text-align: center;\"><\/h4>\n<h4 style=\"text-align: center;\">Eis und Hei\u00df<\/h4>\n<h4 style=\"text-align: center;\">Cremiges Vanilleeis mit hei\u00dfen Himbeeren, Sahne<\/h4>\n<hr \/>\n<h4 style=\"text-align: center;\"><\/h4>\n<h4 style=\"text-align: center;\">Warmer Apfelstrudel<\/h4>\n<h4 style=\"text-align: center;\">\u00a0mit Vanilleso\u00dfe und Sahnehaube, ger\u00f6stete Mandeln<\/h4>\n<hr \/>\n<h4 style=\"text-align: center;\"><\/h4>\n<h4 style=\"text-align: center;\">Cr\u00eape \u201eWild Berry\u201c<\/h4>\n<h4 style=\"text-align: center;\">mit hei\u00dfen Wildbeeren, Vanilleeis und Sahne<\/h4>\n<hr \/>\n<h4 style=\"text-align: center;\"><\/h4>\n<h4 style=\"text-align: center;\">Ananas in Honigcreme<\/h4>\n<h4 style=\"text-align: center;\">mit Creme fra\u00eeche auf Kiwiessenz, Vanilleeis, Sahnetupfer und ger\u00f6steten Mandeln<\/h4>\n","protected":false},"excerpt":{"rendered":"<p>\u00a0 Eiskreation K\u00f6stlich cremiges Eis mit Schokoladenso\u00dfe und Sahne Eis und Hei\u00df Cremiges Vanilleeis mit hei\u00dfen Himbeeren, Sahne Warmer Apfelstrudel \u00a0mit Vanilleso\u00dfe und Sahnehaube, ger\u00f6stete Mandeln Cr\u00eape \u201eWild Berry\u201c mit&#8230;<\/p>\n","protected":false},"author":3,"featured_media":549,"parent":0,"menu_order":0,"comment_status":"closed","ping_status":"closed","template":"","meta":{"footnotes":""},"class_list":["post-491","page","type-page","status-publish","has-post-thumbnail","hentry"],"_links":{"self":[{"href":"https:\/\/www.hotelfalkenseerhof.de\/index.php?rest_route=\/wp\/v2\/pages\/491","targetHints":{"allow":["GET"]}}],"collection":[{"href":"https:\/\/www.hotelfalkenseerhof.de\/index.php?rest_route=\/wp\/v2\/pages"}],"about":[{"href":"https:\/\/www.hotelfalkenseerhof.de\/index.php?rest_route=\/wp\/v2\/types\/page"}],"author":[{"embeddable":true,"href":"https:\/\/www.hotelfalkenseerhof.de\/index.php?rest_route=\/wp\/v2\/users\/3"}],"replies":[{"embeddable":true,"href":"https:\/\/www.hotelfalkenseerhof.de\/index.php?rest_route=%2Fwp%2Fv2%2Fcomments&post=491"}],"version-history":[{"count":1,"href":"https:\/\/www.hotelfalkenseerhof.de\/index.php?rest_route=\/wp\/v2\/pages\/491\/revisions"}],"predecessor-version":[{"id":685,"href":"https:\/\/www.hotelfalkenseerhof.de\/index.php?rest_route=\/wp\/v2\/pages\/491\/revisions\/685"}],"wp:featuredmedia":[{"embeddable":true,"href":"https:\/\/www.hotelfalkenseerhof.de\/index.php?rest_route=\/wp\/v2\/media\/549"}],"wp:attachment":[{"href":"https:\/\/www.hotelfalkenseerhof.de\/index.php?rest_route=%2Fwp%2Fv2%2Fmedia&parent=491"}],"curies":[{"name":"wp","href":"https:\/\/api.w.org\/{rel}","templated":true}]}}