{"id":489,"date":"2017-06-12T07:08:28","date_gmt":"2017-06-12T05:08:28","guid":{"rendered":"http:\/\/oase.martingehr.bplaced.de\/?page_id=489"},"modified":"2017-06-12T07:08:28","modified_gmt":"2017-06-12T05:08:28","slug":"spezialitaeten-vom-rind","status":"publish","type":"page","link":"https:\/\/www.hotelfalkenseerhof.de\/?page_id=489","title":{"rendered":"Spezialit\u00e4ten vom Rind"},"content":{"rendered":"<h4 style=\"text-align: center;\">Rindsroulade nach Hausfrauen Art<\/h4>\n<h4 style=\"text-align: center;\">gef\u00fcllt mit Rauchspeck, Gew\u00fcrzgurke und Zwiebeln an Apfelrotkohl und Kartoffeln<\/h4>\n<h4 style=\"text-align: center;\"><\/h4>\n<hr \/>\n<h4 style=\"text-align: center;\">Ochsenrumpsteak vom Wiesenrind<\/h4>\n<h4 style=\"text-align: center;\">gef\u00fcllt mit Rauchspeck und Schafsk\u00e4se, Prinzessbohnen, Bratkartoffeln<\/h4>\n<h4 style=\"text-align: center;\"><\/h4>\n<hr \/>\n<h4 style=\"text-align: center;\">Australisches Filetsteak \u201eMadagaskar\u201c<\/h4>\n<h4 style=\"text-align: center;\">mit Champignons und gr\u00fcnem Pfeffer in Cognacrahm, Broccolir\u00f6schen mit ger\u00f6steten Mandeln und Kartoffelkroketten<\/h4>\n","protected":false},"excerpt":{"rendered":"<p>Rindsroulade nach Hausfrauen Art gef\u00fcllt mit Rauchspeck, Gew\u00fcrzgurke und Zwiebeln an Apfelrotkohl und Kartoffeln Ochsenrumpsteak vom Wiesenrind gef\u00fcllt mit Rauchspeck und Schafsk\u00e4se, Prinzessbohnen, Bratkartoffeln Australisches Filetsteak \u201eMadagaskar\u201c mit Champignons und&#8230;<\/p>\n","protected":false},"author":3,"featured_media":544,"parent":0,"menu_order":0,"comment_status":"closed","ping_status":"closed","template":"","meta":{"footnotes":""},"class_list":["post-489","page","type-page","status-publish","has-post-thumbnail","hentry"],"_links":{"self":[{"href":"https:\/\/www.hotelfalkenseerhof.de\/index.php?rest_route=\/wp\/v2\/pages\/489","targetHints":{"allow":["GET"]}}],"collection":[{"href":"https:\/\/www.hotelfalkenseerhof.de\/index.php?rest_route=\/wp\/v2\/pages"}],"about":[{"href":"https:\/\/www.hotelfalkenseerhof.de\/index.php?rest_route=\/wp\/v2\/types\/page"}],"author":[{"embeddable":true,"href":"https:\/\/www.hotelfalkenseerhof.de\/index.php?rest_route=\/wp\/v2\/users\/3"}],"replies":[{"embeddable":true,"href":"https:\/\/www.hotelfalkenseerhof.de\/index.php?rest_route=%2Fwp%2Fv2%2Fcomments&post=489"}],"version-history":[{"count":0,"href":"https:\/\/www.hotelfalkenseerhof.de\/index.php?rest_route=\/wp\/v2\/pages\/489\/revisions"}],"wp:featuredmedia":[{"embeddable":true,"href":"https:\/\/www.hotelfalkenseerhof.de\/index.php?rest_route=\/wp\/v2\/media\/544"}],"wp:attachment":[{"href":"https:\/\/www.hotelfalkenseerhof.de\/index.php?rest_route=%2Fwp%2Fv2%2Fmedia&parent=489"}],"curies":[{"name":"wp","href":"https:\/\/api.w.org\/{rel}","templated":true}]}}