{"id":485,"date":"2017-06-12T07:06:44","date_gmt":"2017-06-12T05:06:44","guid":{"rendered":"http:\/\/oase.martingehr.bplaced.de\/?page_id=485"},"modified":"2017-06-12T07:06:44","modified_gmt":"2017-06-12T05:06:44","slug":"spezialitaeten-vom-schwein","status":"publish","type":"page","link":"https:\/\/www.hotelfalkenseerhof.de\/?page_id=485","title":{"rendered":"Spezialit\u00e4ten vom Schwein"},"content":{"rendered":"<h4 style=\"text-align: center;\">Pilzpfanne Holzf\u00e4ller Art<\/h4>\n<h4 style=\"text-align: center;\">Filetstreifen mit Waldpilzen, R\u00f6stspeck und Zwiebeln, Creme fra\u00eeche, Bratkartoffeln<\/h4>\n<h4 style=\"text-align: center;\"><\/h4>\n<hr \/>\n<h4 style=\"text-align: center;\">Champignonsteak vom R\u00fccken<\/h4>\n<h4 style=\"text-align: center;\">Gegrillt, frische Champignons \u00e1 la creme, Kroketten<\/h4>\n<hr \/>\n<h4 style=\"text-align: center;\"><\/h4>\n<h4 style=\"text-align: center;\">K\u00e4seschnitzel<\/h4>\n<h4 style=\"text-align: center;\">Paniert, in K\u00e4se gew\u00e4lzt, mit gegrillter Ananas, Gem\u00fcse, Kartoffeln<\/h4>\n<hr \/>\n<h4 style=\"text-align: center;\"><\/h4>\n<h4 style=\"text-align: center;\">Schlemmerplatte<\/h4>\n<h4 style=\"text-align: center;\">Medaillons vom Lendchen auf Speckbohnen und Bratkartoffeln<\/h4>\n<h4 style=\"text-align: center;\"><\/h4>\n<hr \/>\n<h4 style=\"text-align: center;\">Grillteller<\/h4>\n<h4 style=\"text-align: center;\">Zart gebratene Steaks vom Rind, Schwein und Pute, Grillspeck, Kr\u00e4uterbutter und kerniges R\u00f6stgem\u00fcse, Pommes frites<\/h4>\n","protected":false},"excerpt":{"rendered":"<p>Pilzpfanne Holzf\u00e4ller Art Filetstreifen mit Waldpilzen, R\u00f6stspeck und Zwiebeln, Creme fra\u00eeche, Bratkartoffeln Champignonsteak vom R\u00fccken Gegrillt, frische Champignons \u00e1 la creme, Kroketten K\u00e4seschnitzel Paniert, in K\u00e4se gew\u00e4lzt, mit gegrillter Ananas,&#8230;<\/p>\n","protected":false},"author":3,"featured_media":537,"parent":0,"menu_order":0,"comment_status":"closed","ping_status":"closed","template":"","meta":{"footnotes":""},"class_list":["post-485","page","type-page","status-publish","has-post-thumbnail","hentry"],"_links":{"self":[{"href":"https:\/\/www.hotelfalkenseerhof.de\/index.php?rest_route=\/wp\/v2\/pages\/485","targetHints":{"allow":["GET"]}}],"collection":[{"href":"https:\/\/www.hotelfalkenseerhof.de\/index.php?rest_route=\/wp\/v2\/pages"}],"about":[{"href":"https:\/\/www.hotelfalkenseerhof.de\/index.php?rest_route=\/wp\/v2\/types\/page"}],"author":[{"embeddable":true,"href":"https:\/\/www.hotelfalkenseerhof.de\/index.php?rest_route=\/wp\/v2\/users\/3"}],"replies":[{"embeddable":true,"href":"https:\/\/www.hotelfalkenseerhof.de\/index.php?rest_route=%2Fwp%2Fv2%2Fcomments&post=485"}],"version-history":[{"count":0,"href":"https:\/\/www.hotelfalkenseerhof.de\/index.php?rest_route=\/wp\/v2\/pages\/485\/revisions"}],"wp:featuredmedia":[{"embeddable":true,"href":"https:\/\/www.hotelfalkenseerhof.de\/index.php?rest_route=\/wp\/v2\/media\/537"}],"wp:attachment":[{"href":"https:\/\/www.hotelfalkenseerhof.de\/index.php?rest_route=%2Fwp%2Fv2%2Fmedia&parent=485"}],"curies":[{"name":"wp","href":"https:\/\/api.w.org\/{rel}","templated":true}]}}