{"id":483,"date":"2017-06-12T07:05:25","date_gmt":"2017-06-12T05:05:25","guid":{"rendered":"http:\/\/oase.martingehr.bplaced.de\/?page_id=483"},"modified":"2017-09-04T11:16:00","modified_gmt":"2017-09-04T11:16:00","slug":"fisch","status":"publish","type":"page","link":"https:\/\/www.hotelfalkenseerhof.de\/?page_id=483","title":{"rendered":"Fisch"},"content":{"rendered":"<p>&nbsp;<\/p>\n<h4 style=\"text-align: center;\">Forelle M\u00fcllerin in der Pfanne gebraten, mit Bratkartoffeln dazu kleiner Salat<\/h4>\n<hr \/>\n<h4 style=\"text-align: center;\">Lachsschnitte gebraten an w\u00fcrziger Wei\u00dfweinso\u00dfe, Broccolie- Mandelr\u00f6schen, Kartoffeln<\/h4>\n<hr \/>\n<h4 style=\"text-align: center;\">Kabeljaufilet in Butter gebraten, junge Bohnen und Bratkartoffeln<\/h4>\n<hr \/>\n<h4 style=\"text-align: center;\">Zanderfilet im Weinsud pochiert, Wurzelgem\u00fcse an Krabbenrahm und Kartoffeln<\/h4>\n","protected":false},"excerpt":{"rendered":"<p>&nbsp; Forelle M\u00fcllerin in der Pfanne gebraten, mit Bratkartoffeln dazu kleiner Salat Lachsschnitte gebraten an w\u00fcrziger Wei\u00dfweinso\u00dfe, Broccolie- Mandelr\u00f6schen, Kartoffeln Kabeljaufilet in Butter gebraten, junge Bohnen und Bratkartoffeln Zanderfilet im&#8230;<\/p>\n","protected":false},"author":3,"featured_media":548,"parent":0,"menu_order":0,"comment_status":"closed","ping_status":"closed","template":"","meta":{"footnotes":""},"class_list":["post-483","page","type-page","status-publish","has-post-thumbnail","hentry"],"_links":{"self":[{"href":"https:\/\/www.hotelfalkenseerhof.de\/index.php?rest_route=\/wp\/v2\/pages\/483","targetHints":{"allow":["GET"]}}],"collection":[{"href":"https:\/\/www.hotelfalkenseerhof.de\/index.php?rest_route=\/wp\/v2\/pages"}],"about":[{"href":"https:\/\/www.hotelfalkenseerhof.de\/index.php?rest_route=\/wp\/v2\/types\/page"}],"author":[{"embeddable":true,"href":"https:\/\/www.hotelfalkenseerhof.de\/index.php?rest_route=\/wp\/v2\/users\/3"}],"replies":[{"embeddable":true,"href":"https:\/\/www.hotelfalkenseerhof.de\/index.php?rest_route=%2Fwp%2Fv2%2Fcomments&post=483"}],"version-history":[{"count":1,"href":"https:\/\/www.hotelfalkenseerhof.de\/index.php?rest_route=\/wp\/v2\/pages\/483\/revisions"}],"predecessor-version":[{"id":684,"href":"https:\/\/www.hotelfalkenseerhof.de\/index.php?rest_route=\/wp\/v2\/pages\/483\/revisions\/684"}],"wp:featuredmedia":[{"embeddable":true,"href":"https:\/\/www.hotelfalkenseerhof.de\/index.php?rest_route=\/wp\/v2\/media\/548"}],"wp:attachment":[{"href":"https:\/\/www.hotelfalkenseerhof.de\/index.php?rest_route=%2Fwp%2Fv2%2Fmedia&parent=483"}],"curies":[{"name":"wp","href":"https:\/\/api.w.org\/{rel}","templated":true}]}}