{"id":481,"date":"2017-06-12T07:04:06","date_gmt":"2017-06-12T05:04:06","guid":{"rendered":"http:\/\/oase.martingehr.bplaced.de\/?page_id=481"},"modified":"2017-06-12T07:04:06","modified_gmt":"2017-06-12T05:04:06","slug":"vorspeisen","status":"publish","type":"page","link":"https:\/\/www.hotelfalkenseerhof.de\/?page_id=481","title":{"rendered":"Vorspeisen"},"content":{"rendered":"<h4 style=\"text-align: center;\">Wildsuppe nach F\u00f6rster Art<\/h4>\n<hr \/>\n<h4 style=\"text-align: center;\">Broccoliecremesuppe<\/h4>\n<hr \/>\n<h4 style=\"text-align: center;\">Kleiner gemischter Salat<\/h4>\n<hr \/>\n<h4 style=\"text-align: center;\">Gebackener Camembert mit Preiselbeeren und Fr\u00fcchtemosaik<\/h4>\n<hr \/>\n<h4 style=\"text-align: center;\">Garnelenspie\u00df zart gebraten an Salatbouquet<\/h4>\n","protected":false},"excerpt":{"rendered":"<p>Wildsuppe nach F\u00f6rster Art Broccoliecremesuppe Kleiner gemischter Salat Gebackener Camembert mit Preiselbeeren und Fr\u00fcchtemosaik Garnelenspie\u00df zart gebraten an Salatbouquet<\/p>\n","protected":false},"author":3,"featured_media":525,"parent":0,"menu_order":0,"comment_status":"closed","ping_status":"closed","template":"","meta":{"footnotes":""},"class_list":["post-481","page","type-page","status-publish","has-post-thumbnail","hentry"],"_links":{"self":[{"href":"https:\/\/www.hotelfalkenseerhof.de\/index.php?rest_route=\/wp\/v2\/pages\/481","targetHints":{"allow":["GET"]}}],"collection":[{"href":"https:\/\/www.hotelfalkenseerhof.de\/index.php?rest_route=\/wp\/v2\/pages"}],"about":[{"href":"https:\/\/www.hotelfalkenseerhof.de\/index.php?rest_route=\/wp\/v2\/types\/page"}],"author":[{"embeddable":true,"href":"https:\/\/www.hotelfalkenseerhof.de\/index.php?rest_route=\/wp\/v2\/users\/3"}],"replies":[{"embeddable":true,"href":"https:\/\/www.hotelfalkenseerhof.de\/index.php?rest_route=%2Fwp%2Fv2%2Fcomments&post=481"}],"version-history":[{"count":0,"href":"https:\/\/www.hotelfalkenseerhof.de\/index.php?rest_route=\/wp\/v2\/pages\/481\/revisions"}],"wp:featuredmedia":[{"embeddable":true,"href":"https:\/\/www.hotelfalkenseerhof.de\/index.php?rest_route=\/wp\/v2\/media\/525"}],"wp:attachment":[{"href":"https:\/\/www.hotelfalkenseerhof.de\/index.php?rest_route=%2Fwp%2Fv2%2Fmedia&parent=481"}],"curies":[{"name":"wp","href":"https:\/\/api.w.org\/{rel}","templated":true}]}}