{"id":48,"date":"2017-01-21T23:18:26","date_gmt":"2017-01-21T22:18:26","guid":{"rendered":"http:\/\/oase.martingehr.bplaced.de\/?page_id=48"},"modified":"2018-09-07T10:49:42","modified_gmt":"2018-09-07T10:49:42","slug":"impresum","status":"publish","type":"page","link":"https:\/\/www.hotelfalkenseerhof.de\/?page_id=48","title":{"rendered":"Impressum"},"content":{"rendered":"<h3 style=\"text-align: center;\"><span style=\"color: #ff0000;\"><em><strong>Impressum\/Disclaimer<\/strong><\/em><\/span><\/h3>\n<h4>Impressum<\/h4>\n<h4 style=\"text-align: center;\"><span style=\"color: #ff0000;\">Hotel Falkenseer Hof mit Restaurant &#8222;Zur Oase&#8220;<\/span><br \/>\nInh. Familie Mei\u00dfner<br \/>\nStrasse der Einheit 90 \/Ecke Edisonstr.<br \/>\n14612 Falkensee<\/h4>\n<h4 style=\"text-align: center;\">Telefon: 03322 202714<br \/>\nTelefax: 03322 241547<br \/>\nE-Mail:\u00a0<a href=\"mailto:info@hotelfalkenseerhof.de\">info@hotelfalkenseerhof.de<\/a><\/h4>\n<h4 style=\"text-align: center;\">Inhaber: Familie Mei\u00dfner<br \/>\nGesch\u00e4ftsf\u00fchrung: Frau Manuela Mei\u00dfner<br \/>\nUSt-ID-Nr: DE 05124800031<\/h4>\n<p>&nbsp;<\/p>\n<h5><span style=\"color: #ff0000;\"><strong>Hinweis auf EU-Streitschlichtung<\/strong><\/span><\/h5>\n<h5>Zur au\u00dfergerichtlichen Beilegung von verbraucherrechtlichen Streitigkeiten hat die Europ\u00e4ische Union eine Online-Plattform (\u201cOS-Plattform\u201d) eingerichtet, an die Sie sich wenden k\u00f6nnen. Die Plattform finden Sie unter http:\/\/ec.europa.eu\/consumers\/odr\/. Unsere Emailadresse lautet: falkenseerhof@aol.com<\/h5>\n<h3 style=\"text-align: center;\"><strong>Disclaimer \u2013 rechtliche Hinweise<\/strong><\/h3>\n<h4 style=\"text-align: left;\"><strong><span style=\"color: #ff0000;\">\u00a7 1 Warnhinweis zu Inhalten<\/span><\/strong><\/h4>\n<h4 style=\"text-align: left;\">Die kostenlosen und frei zug\u00e4nglichen Inhalte dieser Webseite wurden mit gr\u00f6\u00dftm\u00f6glicher Sorgfalt erstellt. Der Anbieter dieser Webseite \u00fcbernimmt jedoch keine Gew\u00e4hr f\u00fcr die Richtigkeit und Aktualit\u00e4t der bereitgestellten kostenlosen und frei zug\u00e4nglichen journalistischen Ratgeber und Nachrichten. Namentlich gekennzeichnete Beitr\u00e4ge geben die Meinung des jeweiligen Autors und nicht immer die Meinung des Anbieters wieder. Allein durch den Aufruf der kostenlosen und frei zug\u00e4nglichen Inhalte kommt keinerlei Vertragsverh\u00e4ltnis zwischen dem Nutzer und dem Anbieter zustande, insoweit fehlt es am Rechtsbindungswillen des Anbieters.<\/h4>\n<p><span style=\"color: #ff0000;\"><strong>\u00a7 2 Externe Links<\/strong><\/span><br \/>\nDiese Website enth\u00e4lt Verkn\u00fcpfungen zu Websites Dritter (&#8222;externe Links&#8220;). Diese Websites unterliegen der Haftung der jeweiligen Betreiber. Der Anbieter hat bei der erstmaligen Verkn\u00fcpfung der externen Links die fremden Inhalte daraufhin \u00fcberpr\u00fcft, ob etwaige Rechtsverst\u00f6\u00dfe bestehen. Zu dem Zeitpunkt waren keine Rechtsverst\u00f6\u00dfe ersichtlich. Der Anbieter hat keinerlei Einfluss auf die aktuelle und zuk\u00fcnftige Gestaltung und auf die Inhalte der verkn\u00fcpften Seiten. Das Setzen von externen Links bedeutet nicht, dass sich der Anbieter die hinter dem Verweis oder Link liegenden Inhalte zu Eigen macht. Eine st\u00e4ndige Kontrolle der externen Links ist f\u00fcr den Anbieter ohne konkrete Hinweise auf Rechtsverst\u00f6\u00dfe nicht zumutbar. Bei Kenntnis von Rechtsverst\u00f6\u00dfen werden jedoch derartige externe Links unverz\u00fcglich gel\u00f6scht.<\/p>\n<p><strong><span style=\"color: #ff0000;\">\u00a7 3 Urheber- und Leistungsschutzrechte<\/span><\/strong><br \/>\nDie auf dieser Website ver\u00f6ffentlichten Inhalte unterliegen dem deutschen Urheber- und Leistungsschutzrecht. Jede vom deutschen Urheber- und Leistungsschutzrecht nicht zugelassene Verwertung bedarf der vorherigen schriftlichen Zustimmung des Anbieters oder jeweiligen Rechteinhabers. Dies gilt insbesondere f\u00fcr Vervielf\u00e4ltigung, Bearbeitung, \u00dcbersetzung, Einspeicherung, Verarbeitung bzw. Wiedergabe von Inhalten in Datenbanken oder anderen elektronischen Medien und Systemen. Inhalte und Rechte Dritter sind dabei als solche gekennzeichnet. Die unerlaubte Vervielf\u00e4ltigung oder Weitergabe einzelner Inhalte oder kompletter Seiten ist nicht gestattet und strafbar. Lediglich die Herstellung von Kopien und Downloads f\u00fcr den pers\u00f6nlichen, privaten und nicht kommerziellen Gebrauch ist erlaubt.<\/p>\n<p><em>Die Darstellung dieser Website in fremden Frames ist nur mit schriftlicher Erlaubnis zul\u00e4ssig.<\/em><\/p>\n<p><strong><span style=\"color: #ff0000;\">\u00a7 4 Besondere Nutzungsbedingungen<\/span><\/strong><br \/>\nSoweit besondere Bedingungen f\u00fcr einzelne Nutzungen dieser Website von den vorgenannten Paragraphen abweichen, wird an entsprechender Stelle ausdr\u00fccklich darauf hingewiesen. In diesem Falle gelten im jeweiligen Einzelfall die besonderen Nutzungsbedingungen.Quelle: Impressum Muster vom Juraforum und auf dieser Seite einen Anwalt vor Ort finden.<\/p>\n<h3 style=\"text-align: center;\"><span style=\"color: #ff0000;\">Haftungsausschluss<\/span><\/h3>\n<h3 style=\"text-align: center;\"><span style=\"color: #000000;\">Trotz sorgf\u00e4ltiger inhaltlicher Kontrolle \u00fcbernehmen wir keine Haftung f\u00fcr die Inhalte externer Links. F\u00fcr den Inhalt der verlinkten Seiten sind ausschlie\u00dflich deren Betreiber verantwortlich.<\/span><\/h3>\n<h3 style=\"text-align: center;\"><span style=\"color: #ff0000;\">\u00a0<\/span><\/h3>\n<h5>Quelle: www.juraforum.de<\/h5>\n","protected":false},"excerpt":{"rendered":"<p>Impressum\/Disclaimer Impressum Hotel Falkenseer Hof mit Restaurant &#8222;Zur Oase&#8220; Inh. Familie Mei\u00dfner Strasse der Einheit 90 \/Ecke Edisonstr. 14612 Falkensee Telefon: 03322 202714 Telefax: 03322 241547 E-Mail:\u00a0info@hotelfalkenseerhof.de Inhaber: Familie Mei\u00dfner&#8230;<\/p>\n","protected":false},"author":3,"featured_media":218,"parent":0,"menu_order":7,"comment_status":"closed","ping_status":"closed","template":"","meta":{"footnotes":""},"class_list":["post-48","page","type-page","status-publish","has-post-thumbnail","hentry"],"_links":{"self":[{"href":"https:\/\/www.hotelfalkenseerhof.de\/index.php?rest_route=\/wp\/v2\/pages\/48","targetHints":{"allow":["GET"]}}],"collection":[{"href":"https:\/\/www.hotelfalkenseerhof.de\/index.php?rest_route=\/wp\/v2\/pages"}],"about":[{"href":"https:\/\/www.hotelfalkenseerhof.de\/index.php?rest_route=\/wp\/v2\/types\/page"}],"author":[{"embeddable":true,"href":"https:\/\/www.hotelfalkenseerhof.de\/index.php?rest_route=\/wp\/v2\/users\/3"}],"replies":[{"embeddable":true,"href":"https:\/\/www.hotelfalkenseerhof.de\/index.php?rest_route=%2Fwp%2Fv2%2Fcomments&post=48"}],"version-history":[{"count":3,"href":"https:\/\/www.hotelfalkenseerhof.de\/index.php?rest_route=\/wp\/v2\/pages\/48\/revisions"}],"predecessor-version":[{"id":736,"href":"https:\/\/www.hotelfalkenseerhof.de\/index.php?rest_route=\/wp\/v2\/pages\/48\/revisions\/736"}],"wp:featuredmedia":[{"embeddable":true,"href":"https:\/\/www.hotelfalkenseerhof.de\/index.php?rest_route=\/wp\/v2\/media\/218"}],"wp:attachment":[{"href":"https:\/\/www.hotelfalkenseerhof.de\/index.php?rest_route=%2Fwp%2Fv2%2Fmedia&parent=48"}],"curies":[{"name":"wp","href":"https:\/\/api.w.org\/{rel}","templated":true}]}}