{"id":40,"date":"2017-01-21T23:15:22","date_gmt":"2017-01-21T22:15:22","guid":{"rendered":"http:\/\/oase.martingehr.bplaced.de\/?page_id=40"},"modified":"2017-09-04T11:27:24","modified_gmt":"2017-09-04T11:27:24","slug":"restaurant","status":"publish","type":"page","link":"https:\/\/www.hotelfalkenseerhof.de\/?page_id=40","title":{"rendered":"Restaurant"},"content":{"rendered":"<h1 style=\"text-align: center;\"><strong><em>\u00a0Restaurant \u201eZur Oase\u201c<\/em><\/strong><\/h1>\n<p>&nbsp;<\/p>\n<h3 style=\"text-align: center;\">\u00a0<img loading=\"lazy\" decoding=\"async\" class=\"alignright wp-image-14 size-thumbnail\" src=\"http:\/\/hotelfalkenseerhof.de\/wp-content\/uploads\/2017\/01\/Folleto_Oase_351-1-e1504523011777-370x247.jpg\" alt=\"\" width=\"370\" height=\"247\" \/><\/h3>\n<h4>Die Kombination aus Restaurant, Biergarten und Hotel mitten im Gr\u00fcnen bietet Ihnen perfekte M\u00f6glichkeiten Ihre Veranstaltung unvergesslich zu machen. Wir sind f\u00fcr jeden Anlass der richtige Ansprechpartner, ganz gleich ob Jubil\u00e4um, Taufe, Hochzeit, Geburtstag, Kommunion &amp; Konfirmation, Weihnachtsfeier oder auch Trauerfeier und&#8230;&#8230;<\/h4>\n<p>&nbsp;<\/p>\n<p>&nbsp;<\/p>\n<p>&nbsp;<\/p>\n<p><img loading=\"lazy\" decoding=\"async\" class=\"wp-image-13 alignleft\" src=\"http:\/\/hotelfalkenseerhof.de\/wp-content\/uploads\/2017\/01\/Folleto_Oase_311-1.jpg\" alt=\"\" width=\"309\" height=\"466\" \/><\/p>\n<p>&nbsp;<\/p>\n<h4><\/h4>\n<h4><\/h4>\n<p>&nbsp;<\/p>\n<p>&nbsp;<\/p>\n<h4>Der lichtdurchflutete Wintergarten mit Kamin vermittelt Ihnen ein Wohlf\u00fchlambiente.<br \/>\nDie traumhaft sch\u00f6ne Gartenanlage im Hof l\u00e4dt Sie dazu ein, sich zu entspannen.<br \/>\nWir servieren Ihnen Gaumenfreude der deutschen saisonalen K\u00fcche. S\u00e4mtliche Speisen werden bei uns frisch zubereitet.<br \/>\nGem\u00fcse und Kr\u00e4uter kommen von umliegenden Anbietern bzw. frisch vom Wochenmarkt.<\/h4>\n<p>&nbsp;<\/p>\n<p>&nbsp;<\/p>\n<p>&nbsp;<\/p>\n<p>&nbsp;<\/p>\n<p>&nbsp;<\/p>\n<p>&nbsp;<\/p>\n<p>&nbsp;<\/p>\n<hr \/>\n<h3 style=\"text-align: center;\"><span style=\"color: #ff0000;\"><em><strong>Gutschein:<\/strong><\/em><\/span><\/h3>\n<h3 style=\"text-align: center;\"><em><strong> Verschenken Sie einfach mal einen sch\u00f6nen Abend<\/strong><\/em><\/h3>\n<h3 style=\"text-align: center;\"><em><strong>sowie<\/strong><\/em><\/h3>\n<h3 style=\"text-align: center;\"><em><strong>ein erholsames Wochenende mit Candle Light Dinner.<\/strong><\/em><\/h3>\n<h3 style=\"text-align: center;\"><em><strong>Die Gutscheine sind<span style=\"color: #ff0000;\"> im Restaurant erh\u00e4ltlich<\/span><\/strong><\/em><\/h3>\n<hr \/>\n<p>&nbsp;<\/p>\n<p><img loading=\"lazy\" decoding=\"async\" class=\"wp-image-12 alignright\" src=\"http:\/\/hotelfalkenseerhof.de\/wp-content\/uploads\/2017\/01\/Folleto_Oase_111-2-585x382.jpg\" alt=\"\" width=\"476\" height=\"311\" \/><\/p>\n<p>&nbsp;<\/p>\n<p>&nbsp;<\/p>\n<h2 style=\"text-align: center;\"><em><strong>Der Sommer kommt und wir begr\u00fc\u00dfen Sie in unserem wundersch\u00f6nen Biergarten.<\/strong><\/em><\/h2>\n<p>&nbsp;<\/p>\n<p>&nbsp;<\/p>\n<p>&nbsp;<\/p>\n<p>&nbsp;<\/p>\n<p>&nbsp;<\/p>\n<div id='gallery-1' class='gallery galleryid-40 gallery-columns-4 gallery-size-thumbnail'><figure class='gallery-item'>\n\t\t\t<div class='gallery-icon landscape'>\n\t\t\t\t<a href='https:\/\/www.hotelfalkenseerhof.de\/wp-content\/uploads\/2017\/01\/11779924_525880424225884_381291080508538753_o-1-1.jpg'><img loading=\"lazy\" decoding=\"async\" width=\"370\" height=\"247\" src=\"https:\/\/www.hotelfalkenseerhof.de\/wp-content\/uploads\/2017\/01\/11779924_525880424225884_381291080508538753_o-1-1-370x247.jpg\" class=\"attachment-thumbnail size-thumbnail\" alt=\"\" \/><\/a>\n\t\t\t<\/div><\/figure><figure class='gallery-item'>\n\t\t\t<div class='gallery-icon portrait'>\n\t\t\t\t<a href='https:\/\/www.hotelfalkenseerhof.de\/wp-content\/uploads\/2017\/01\/Folleto_Oase_351-1-e1504523011777.jpg'><img loading=\"lazy\" decoding=\"async\" width=\"370\" height=\"247\" src=\"https:\/\/www.hotelfalkenseerhof.de\/wp-content\/uploads\/2017\/01\/Folleto_Oase_351-1-e1504523011777-370x247.jpg\" class=\"attachment-thumbnail size-thumbnail\" alt=\"\" \/><\/a>\n\t\t\t<\/div><\/figure><figure class='gallery-item'>\n\t\t\t<div class='gallery-icon portrait'>\n\t\t\t\t<a href='https:\/\/www.hotelfalkenseerhof.de\/wp-content\/uploads\/2017\/01\/Folleto_Oase_18-1.jpg'><img loading=\"lazy\" decoding=\"async\" width=\"370\" height=\"247\" src=\"https:\/\/www.hotelfalkenseerhof.de\/wp-content\/uploads\/2017\/01\/Folleto_Oase_18-1-370x247.jpg\" class=\"attachment-thumbnail size-thumbnail\" alt=\"\" \/><\/a>\n\t\t\t<\/div><\/figure><figure class='gallery-item'>\n\t\t\t<div class='gallery-icon landscape'>\n\t\t\t\t<a href='https:\/\/www.hotelfalkenseerhof.de\/wp-content\/uploads\/2017\/01\/IMG_2983-1.jpg'><img loading=\"lazy\" decoding=\"async\" width=\"370\" height=\"247\" src=\"https:\/\/www.hotelfalkenseerhof.de\/wp-content\/uploads\/2017\/01\/IMG_2983-1-370x247.jpg\" class=\"attachment-thumbnail size-thumbnail\" alt=\"\" \/><\/a>\n\t\t\t<\/div><\/figure><figure class='gallery-item'>\n\t\t\t<div class='gallery-icon landscape'>\n\t\t\t\t<a href='https:\/\/www.hotelfalkenseerhof.de\/wp-content\/uploads\/2017\/01\/DJI_0013-1.jpg'><img loading=\"lazy\" decoding=\"async\" width=\"370\" height=\"247\" src=\"https:\/\/www.hotelfalkenseerhof.de\/wp-content\/uploads\/2017\/01\/DJI_0013-1-370x247.jpg\" class=\"attachment-thumbnail size-thumbnail\" alt=\"\" \/><\/a>\n\t\t\t<\/div><\/figure><figure class='gallery-item'>\n\t\t\t<div class='gallery-icon landscape'>\n\t\t\t\t<a href='https:\/\/www.hotelfalkenseerhof.de\/wp-content\/uploads\/2017\/01\/Folleto_Oase_42-1.jpg'><img loading=\"lazy\" decoding=\"async\" width=\"370\" height=\"247\" src=\"https:\/\/www.hotelfalkenseerhof.de\/wp-content\/uploads\/2017\/01\/Folleto_Oase_42-1-370x247.jpg\" class=\"attachment-thumbnail size-thumbnail\" alt=\"\" \/><\/a>\n\t\t\t<\/div><\/figure><figure class='gallery-item'>\n\t\t\t<div class='gallery-icon portrait'>\n\t\t\t\t<a href='https:\/\/www.hotelfalkenseerhof.de\/wp-content\/uploads\/2017\/01\/11825007_525880507559209_8661064486590923837_n-1-1.jpg'><img loading=\"lazy\" decoding=\"async\" width=\"370\" height=\"247\" src=\"https:\/\/www.hotelfalkenseerhof.de\/wp-content\/uploads\/2017\/01\/11825007_525880507559209_8661064486590923837_n-1-1-370x247.jpg\" class=\"attachment-thumbnail size-thumbnail\" alt=\"\" \/><\/a>\n\t\t\t<\/div><\/figure><figure class='gallery-item'>\n\t\t\t<div class='gallery-icon landscape'>\n\t\t\t\t<a href='https:\/\/www.hotelfalkenseerhof.de\/wp-content\/uploads\/2017\/01\/Folleto_Oase_44-1.jpg'><img loading=\"lazy\" decoding=\"async\" width=\"370\" height=\"247\" src=\"https:\/\/www.hotelfalkenseerhof.de\/wp-content\/uploads\/2017\/01\/Folleto_Oase_44-1-370x247.jpg\" class=\"attachment-thumbnail size-thumbnail\" alt=\"\" \/><\/a>\n\t\t\t<\/div><\/figure>\n\t\t<\/div>\n\n<p>&nbsp;<\/p>\n","protected":false},"excerpt":{"rendered":"<p>\u00a0Restaurant \u201eZur Oase\u201c &nbsp; \u00a0 Die Kombination aus Restaurant, Biergarten und Hotel mitten im Gr\u00fcnen bietet Ihnen perfekte M\u00f6glichkeiten Ihre Veranstaltung unvergesslich zu machen. Wir sind f\u00fcr jeden Anlass der&#8230;<\/p>\n","protected":false},"author":3,"featured_media":14,"parent":0,"menu_order":3,"comment_status":"closed","ping_status":"closed","template":"","meta":{"footnotes":""},"class_list":["post-40","page","type-page","status-publish","has-post-thumbnail","hentry"],"_links":{"self":[{"href":"https:\/\/www.hotelfalkenseerhof.de\/index.php?rest_route=\/wp\/v2\/pages\/40","targetHints":{"allow":["GET"]}}],"collection":[{"href":"https:\/\/www.hotelfalkenseerhof.de\/index.php?rest_route=\/wp\/v2\/pages"}],"about":[{"href":"https:\/\/www.hotelfalkenseerhof.de\/index.php?rest_route=\/wp\/v2\/types\/page"}],"author":[{"embeddable":true,"href":"https:\/\/www.hotelfalkenseerhof.de\/index.php?rest_route=\/wp\/v2\/users\/3"}],"replies":[{"embeddable":true,"href":"https:\/\/www.hotelfalkenseerhof.de\/index.php?rest_route=%2Fwp%2Fv2%2Fcomments&post=40"}],"version-history":[{"count":10,"href":"https:\/\/www.hotelfalkenseerhof.de\/index.php?rest_route=\/wp\/v2\/pages\/40\/revisions"}],"predecessor-version":[{"id":693,"href":"https:\/\/www.hotelfalkenseerhof.de\/index.php?rest_route=\/wp\/v2\/pages\/40\/revisions\/693"}],"wp:featuredmedia":[{"embeddable":true,"href":"https:\/\/www.hotelfalkenseerhof.de\/index.php?rest_route=\/wp\/v2\/media\/14"}],"wp:attachment":[{"href":"https:\/\/www.hotelfalkenseerhof.de\/index.php?rest_route=%2Fwp%2Fv2%2Fmedia&parent=40"}],"curies":[{"name":"wp","href":"https:\/\/api.w.org\/{rel}","templated":true}]}}