{"id":331,"date":"2017-03-25T07:26:24","date_gmt":"2017-03-25T06:26:24","guid":{"rendered":"http:\/\/oase.martingehr.bplaced.de\/?page_id=331"},"modified":"2025-06-24T04:47:54","modified_gmt":"2025-06-24T04:47:54","slug":"zimmerpreise","status":"publish","type":"page","link":"https:\/\/www.hotelfalkenseerhof.de\/?page_id=331","title":{"rendered":"Zimmerpreise"},"content":{"rendered":"<h2 style=\"text-align: center;\"><strong><em>Einzelzimmer mit Fr\u00fchst\u00fcck<\/em><\/strong><\/h2>\n<h3 style=\"text-align: center;\">90,00 Euro<\/h3>\n<hr \/>\n<h2 style=\"text-align: center;\"><strong><em>Doppelzimmer mit Fr\u00fchst\u00fcck<\/em><\/strong><\/h2>\n<h3 style=\"text-align: center;\">145,00 \/ 150 Euro<\/h3>\n<hr \/>\n<h2 style=\"text-align: center;\"><strong><em>Doppelzimmer 1 Person <\/em><\/strong><strong><em>mit Fr\u00fchst\u00fcck<\/em><\/strong><\/h2>\n<h3 style=\"text-align: center;\">100,00 Euro<\/h3>\n<hr \/>\n<h2 style=\"text-align: center;\"><strong><em>Aufbettung mit Fr\u00fchst\u00fcck<\/em><\/strong><\/h2>\n<h3 style=\"text-align: center;\">55,00 Euro<\/h3>\n<hr \/>\n<h2 style=\"text-align: center;\"><strong><em>Kinder \/ Babybett<\/em><\/strong><\/h2>\n<h3 style=\"text-align: center;\">35,00 Euro<\/h3>\n<hr \/>\n<h4 style=\"text-align: center;\"><span style=\"color: #ff0000;\">Stornos: <\/span><br \/>\n<span style=\"color: #ff0000;\">Bei Nichtanreise, ohne vorherige schriftliche Stornierung bis 3 Tage vor Anreise, werden 80% berechnet.<\/span><\/h4>\n<h4 style=\"text-align: center;\">Ein Haustier kostet 15,00 Euro pro Tag. (ohne Futter)<\/h4>\n<h4 style=\"text-align: center;\">Die Halbpension f\u00fcr unsere \u00dcbernachtungsg\u00e4ste betr\u00e4gt 30,00 Euro f\u00fcr<\/h4>\n<h4 style=\"text-align: center;\">ein Drei- Gang- Men\u00fc pro Person zuz\u00fcglich zum Zimmerpreis. (ohne Getr\u00e4nke)<\/h4>\n<p style=\"text-align: center;\"><strong>Die Bezahlung erfolgt bei Anreise.<\/strong><\/p>\n<h4 style=\"text-align: center;\">Unsere Falkenseer Hof- Inklusivpreise verstehen sich pro Zimmer und Tag in Euro inkl. Bedienung gesetzlicher MwSt.<\/h4>\n<h4 style=\"text-align: center;\"><strong>Alle Preise verstehen sich unter Vorbehalt.<\/strong><\/h4>\n<div id='gallery-1' class='gallery galleryid-331 gallery-columns-4 gallery-size-thumbnail'><figure class='gallery-item'>\n\t\t\t<div class='gallery-icon landscape'>\n\t\t\t\t<a href='https:\/\/www.hotelfalkenseerhof.de\/wp-content\/uploads\/2017\/03\/IMG_0612-1.jpg'><img loading=\"lazy\" decoding=\"async\" width=\"370\" height=\"247\" src=\"https:\/\/www.hotelfalkenseerhof.de\/wp-content\/uploads\/2017\/03\/IMG_0612-1-370x247.jpg\" class=\"attachment-thumbnail size-thumbnail\" alt=\"\" \/><\/a>\n\t\t\t<\/div><\/figure><figure class='gallery-item'>\n\t\t\t<div class='gallery-icon landscape'>\n\t\t\t\t<a href='https:\/\/www.hotelfalkenseerhof.de\/wp-content\/uploads\/2017\/03\/IMG_0606-1.jpg'><img loading=\"lazy\" decoding=\"async\" width=\"370\" height=\"247\" src=\"https:\/\/www.hotelfalkenseerhof.de\/wp-content\/uploads\/2017\/03\/IMG_0606-1-370x247.jpg\" class=\"attachment-thumbnail size-thumbnail\" alt=\"\" \/><\/a>\n\t\t\t<\/div><\/figure><figure class='gallery-item'>\n\t\t\t<div class='gallery-icon landscape'>\n\t\t\t\t<a href='https:\/\/www.hotelfalkenseerhof.de\/wp-content\/uploads\/2017\/03\/IMG_0604-1.jpg'><img loading=\"lazy\" decoding=\"async\" width=\"370\" height=\"247\" src=\"https:\/\/www.hotelfalkenseerhof.de\/wp-content\/uploads\/2017\/03\/IMG_0604-1-370x247.jpg\" class=\"attachment-thumbnail size-thumbnail\" alt=\"\" \/><\/a>\n\t\t\t<\/div><\/figure><figure class='gallery-item'>\n\t\t\t<div class='gallery-icon landscape'>\n\t\t\t\t<a href='https:\/\/www.hotelfalkenseerhof.de\/wp-content\/uploads\/2017\/03\/IMG_0595-1.jpg'><img loading=\"lazy\" decoding=\"async\" width=\"370\" height=\"247\" src=\"https:\/\/www.hotelfalkenseerhof.de\/wp-content\/uploads\/2017\/03\/IMG_0595-1-370x247.jpg\" class=\"attachment-thumbnail size-thumbnail\" alt=\"\" \/><\/a>\n\t\t\t<\/div><\/figure><figure class='gallery-item'>\n\t\t\t<div class='gallery-icon landscape'>\n\t\t\t\t<a href='https:\/\/www.hotelfalkenseerhof.de\/wp-content\/uploads\/2017\/03\/IMG_0584-1.jpg'><img loading=\"lazy\" decoding=\"async\" width=\"370\" height=\"247\" src=\"https:\/\/www.hotelfalkenseerhof.de\/wp-content\/uploads\/2017\/03\/IMG_0584-1-370x247.jpg\" class=\"attachment-thumbnail size-thumbnail\" alt=\"\" \/><\/a>\n\t\t\t<\/div><\/figure><figure class='gallery-item'>\n\t\t\t<div class='gallery-icon landscape'>\n\t\t\t\t<a href='https:\/\/www.hotelfalkenseerhof.de\/wp-content\/uploads\/2017\/03\/IMG_0578-1.jpg'><img loading=\"lazy\" decoding=\"async\" width=\"370\" height=\"247\" src=\"https:\/\/www.hotelfalkenseerhof.de\/wp-content\/uploads\/2017\/03\/IMG_0578-1-370x247.jpg\" class=\"attachment-thumbnail size-thumbnail\" alt=\"\" \/><\/a>\n\t\t\t<\/div><\/figure><figure class='gallery-item'>\n\t\t\t<div class='gallery-icon landscape'>\n\t\t\t\t<a href='https:\/\/www.hotelfalkenseerhof.de\/wp-content\/uploads\/2020\/07\/WhatsApp-Image-2020-07-02-at-17.40.36.jpeg'><img loading=\"lazy\" decoding=\"async\" width=\"370\" height=\"247\" src=\"https:\/\/www.hotelfalkenseerhof.de\/wp-content\/uploads\/2020\/07\/WhatsApp-Image-2020-07-02-at-17.40.36-370x247.jpeg\" class=\"attachment-thumbnail size-thumbnail\" alt=\"\" \/><\/a>\n\t\t\t<\/div><\/figure><figure class='gallery-item'>\n\t\t\t<div class='gallery-icon landscape'>\n\t\t\t\t<a href='https:\/\/www.hotelfalkenseerhof.de\/wp-content\/uploads\/2017\/01\/DJI_0021-1.jpg'><img loading=\"lazy\" decoding=\"async\" width=\"370\" height=\"247\" src=\"https:\/\/www.hotelfalkenseerhof.de\/wp-content\/uploads\/2017\/01\/DJI_0021-1-370x247.jpg\" class=\"attachment-thumbnail size-thumbnail\" alt=\"\" \/><\/a>\n\t\t\t<\/div><\/figure>\n\t\t<\/div>\n\n","protected":false},"excerpt":{"rendered":"<p>Einzelzimmer mit Fr\u00fchst\u00fcck 90,00 Euro Doppelzimmer mit Fr\u00fchst\u00fcck 145,00 \/ 150 Euro Doppelzimmer 1 Person mit Fr\u00fchst\u00fcck 100,00 Euro Aufbettung mit Fr\u00fchst\u00fcck 55,00 Euro Kinder \/ Babybett 35,00 Euro Stornos:&#8230;<\/p>\n","protected":false},"author":3,"featured_media":67,"parent":0,"menu_order":0,"comment_status":"closed","ping_status":"closed","template":"","meta":{"footnotes":""},"class_list":["post-331","page","type-page","status-publish","has-post-thumbnail","hentry"],"_links":{"self":[{"href":"https:\/\/www.hotelfalkenseerhof.de\/index.php?rest_route=\/wp\/v2\/pages\/331","targetHints":{"allow":["GET"]}}],"collection":[{"href":"https:\/\/www.hotelfalkenseerhof.de\/index.php?rest_route=\/wp\/v2\/pages"}],"about":[{"href":"https:\/\/www.hotelfalkenseerhof.de\/index.php?rest_route=\/wp\/v2\/types\/page"}],"author":[{"embeddable":true,"href":"https:\/\/www.hotelfalkenseerhof.de\/index.php?rest_route=\/wp\/v2\/users\/3"}],"replies":[{"embeddable":true,"href":"https:\/\/www.hotelfalkenseerhof.de\/index.php?rest_route=%2Fwp%2Fv2%2Fcomments&post=331"}],"version-history":[{"count":12,"href":"https:\/\/www.hotelfalkenseerhof.de\/index.php?rest_route=\/wp\/v2\/pages\/331\/revisions"}],"predecessor-version":[{"id":929,"href":"https:\/\/www.hotelfalkenseerhof.de\/index.php?rest_route=\/wp\/v2\/pages\/331\/revisions\/929"}],"wp:featuredmedia":[{"embeddable":true,"href":"https:\/\/www.hotelfalkenseerhof.de\/index.php?rest_route=\/wp\/v2\/media\/67"}],"wp:attachment":[{"href":"https:\/\/www.hotelfalkenseerhof.de\/index.php?rest_route=%2Fwp%2Fv2%2Fmedia&parent=331"}],"curies":[{"name":"wp","href":"https:\/\/api.w.org\/{rel}","templated":true}]}}